{"id":1959,"date":"2022-10-21T02:57:09","date_gmt":"2022-10-20T23:57:09","guid":{"rendered":"http:\/\/www.pasha.yapimasamasi.site\/?page_id=1959"},"modified":"2022-12-15T14:26:13","modified_gmt":"2022-12-15T11:26:13","slug":"about-us-2","status":"publish","type":"page","link":"https:\/\/www.goliteks.com\/index.php\/about-us-2\/","title":{"rendered":"About Us"},"content":{"rendered":"\t\t<div data-elementor-type=\"wp-page\" data-elementor-id=\"1959\" class=\"elementor elementor-1959\" data-elementor-settings=\"[]\">\n\t\t\t\t\t\t\t<div class=\"elementor-section-wrap\">\n\t\t\t\t\t\t\t<section class=\"elementor-section elementor-top-section elementor-element elementor-element-ce07df0 elementor-section-boxed elementor-section-height-default elementor-section-height-default\" data-id=\"ce07df0\" data-element_type=\"section\">\n\t\t\t\t\t\t<div class=\"elementor-container elementor-column-gap-default\">\n\t\t\t\t\t<div class=\"elementor-column elementor-col-100 elementor-top-column elementor-element elementor-element-41e6bb2\" data-id=\"41e6bb2\" data-element_type=\"column\">\n\t\t\t<div class=\"elementor-widget-wrap elementor-element-populated\">\n\t\t\t\t\t\t\t\t<div class=\"elementor-element elementor-element-21b1d95 elementor-widget elementor-widget-spacer\" data-id=\"21b1d95\" data-element_type=\"widget\" data-widget_type=\"spacer.default\">\n\t\t\t\t<div class=\"elementor-widget-container\">\n\t\t\t\t\t<div class=\"elementor-spacer\">\n\t\t\t<div class=\"elementor-spacer-inner\"><\/div>\n\t\t<\/div>\n\t\t\t\t<\/div>\n\t\t\t\t<\/div>\n\t\t\t\t\t<\/div>\n\t\t<\/div>\n\t\t\t\t\t\t\t<\/div>\n\t\t<\/section>\n\t\t\t\t<section class=\"elementor-section elementor-top-section elementor-element elementor-element-7065803 elementor-section-full_width elementor-section-stretched elementor-section-height-default elementor-section-height-default\" data-id=\"7065803\" data-element_type=\"section\" data-settings=\"{&quot;stretch_section&quot;:&quot;section-stretched&quot;}\">\n\t\t\t\t\t\t<div class=\"elementor-container elementor-column-gap-default\">\n\t\t\t\t\t<div class=\"elementor-column elementor-col-100 elementor-top-column elementor-element elementor-element-c5d406d\" data-id=\"c5d406d\" data-element_type=\"column\">\n\t\t\t<div class=\"elementor-widget-wrap elementor-element-populated\">\n\t\t\t\t\t\t\t\t<div class=\"elementor-element elementor-element-3b7aec4 elementor-widget elementor-widget-image\" data-id=\"3b7aec4\" data-element_type=\"widget\" data-widget_type=\"image.default\">\n\t\t\t\t<div class=\"elementor-widget-container\">\n\t\t\t\t\t\t\t\t\t\t\t\t\t\t\t<img loading=\"lazy\" decoding=\"async\" width=\"1351\" height=\"570\" src=\"https:\/\/www.goliteks.com\/wp-content\/uploads\/2022\/12\/FELSEFESON2.jpg\" class=\"attachment-full size-full\" alt=\"\" srcset=\"https:\/\/www.goliteks.com\/wp-content\/uploads\/2022\/12\/FELSEFESON2.jpg 1351w, https:\/\/www.goliteks.com\/wp-content\/uploads\/2022\/12\/FELSEFESON2-300x127.jpg 300w, https:\/\/www.goliteks.com\/wp-content\/uploads\/2022\/12\/FELSEFESON2-1024x432.jpg 1024w, https:\/\/www.goliteks.com\/wp-content\/uploads\/2022\/12\/FELSEFESON2-768x324.jpg 768w\" sizes=\"auto, (max-width: 1351px) 100vw, 1351px\" \/>\t\t\t\t\t\t\t\t\t\t\t\t\t\t\t<\/div>\n\t\t\t\t<\/div>\n\t\t\t\t\t<\/div>\n\t\t<\/div>\n\t\t\t\t\t\t\t<\/div>\n\t\t<\/section>\n\t\t\t\t<section class=\"elementor-section elementor-top-section elementor-element elementor-element-440757d elementor-section-full_width elementor-section-stretched elementor-section-height-default elementor-section-height-default\" data-id=\"440757d\" data-element_type=\"section\" data-settings=\"{&quot;stretch_section&quot;:&quot;section-stretched&quot;}\">\n\t\t\t\t\t\t<div class=\"elementor-container elementor-column-gap-default\">\n\t\t\t\t\t<div class=\"elementor-column elementor-col-100 elementor-top-column elementor-element elementor-element-13606c7\" data-id=\"13606c7\" data-element_type=\"column\">\n\t\t\t<div class=\"elementor-widget-wrap elementor-element-populated\">\n\t\t\t\t\t\t\t\t<div class=\"elementor-element elementor-element-cd17173 elementor-widget elementor-widget-image\" data-id=\"cd17173\" data-element_type=\"widget\" data-widget_type=\"image.default\">\n\t\t\t\t<div class=\"elementor-widget-container\">\n\t\t\t\t\t\t\t\t\t\t\t\t\t\t\t<img loading=\"lazy\" decoding=\"async\" width=\"1339\" height=\"650\" src=\"https:\/\/www.goliteks.com\/wp-content\/uploads\/2022\/12\/ilke.jpg\" class=\"attachment-full size-full\" alt=\"\" srcset=\"https:\/\/www.goliteks.com\/wp-content\/uploads\/2022\/12\/ilke.jpg 1339w, https:\/\/www.goliteks.com\/wp-content\/uploads\/2022\/12\/ilke-300x146.jpg 300w, https:\/\/www.goliteks.com\/wp-content\/uploads\/2022\/12\/ilke-1024x497.jpg 1024w, https:\/\/www.goliteks.com\/wp-content\/uploads\/2022\/12\/ilke-768x373.jpg 768w\" sizes=\"auto, (max-width: 1339px) 100vw, 1339px\" \/>\t\t\t\t\t\t\t\t\t\t\t\t\t\t\t<\/div>\n\t\t\t\t<\/div>\n\t\t\t\t\t<\/div>\n\t\t<\/div>\n\t\t\t\t\t\t\t<\/div>\n\t\t<\/section>\n\t\t\t\t<section class=\"elementor-section elementor-top-section elementor-element elementor-element-6c65ac8 elementor-section-full_width elementor-section-stretched elementor-section-height-default elementor-section-height-default\" data-id=\"6c65ac8\" data-element_type=\"section\" data-settings=\"{&quot;stretch_section&quot;:&quot;section-stretched&quot;}\">\n\t\t\t\t\t\t<div class=\"elementor-container elementor-column-gap-default\">\n\t\t\t\t\t<div class=\"elementor-column elementor-col-100 elementor-top-column elementor-element elementor-element-a4aa44c\" data-id=\"a4aa44c\" data-element_type=\"column\">\n\t\t\t<div class=\"elementor-widget-wrap elementor-element-populated\">\n\t\t\t\t\t\t\t\t<div class=\"elementor-element elementor-element-6fa50b4 elementor-widget elementor-widget-image\" data-id=\"6fa50b4\" data-element_type=\"widget\" data-widget_type=\"image.default\">\n\t\t\t\t<div class=\"elementor-widget-container\">\n\t\t\t\t\t\t\t\t\t\t\t\t\t\t\t<img loading=\"lazy\" decoding=\"async\" width=\"1354\" height=\"590\" src=\"https:\/\/www.goliteks.com\/wp-content\/uploads\/2022\/12\/yenilik2.jpg\" class=\"attachment-full size-full\" alt=\"\" srcset=\"https:\/\/www.goliteks.com\/wp-content\/uploads\/2022\/12\/yenilik2.jpg 1354w, https:\/\/www.goliteks.com\/wp-content\/uploads\/2022\/12\/yenilik2-300x131.jpg 300w, https:\/\/www.goliteks.com\/wp-content\/uploads\/2022\/12\/yenilik2-1024x446.jpg 1024w, https:\/\/www.goliteks.com\/wp-content\/uploads\/2022\/12\/yenilik2-768x335.jpg 768w\" sizes=\"auto, (max-width: 1354px) 100vw, 1354px\" \/>\t\t\t\t\t\t\t\t\t\t\t\t\t\t\t<\/div>\n\t\t\t\t<\/div>\n\t\t\t\t\t<\/div>\n\t\t<\/div>\n\t\t\t\t\t\t\t<\/div>\n\t\t<\/section>\n\t\t\t\t<section class=\"elementor-section elementor-top-section elementor-element elementor-element-158b659 elementor-section-full_width elementor-section-stretched elementor-section-height-default elementor-section-height-default\" data-id=\"158b659\" data-element_type=\"section\" data-settings=\"{&quot;stretch_section&quot;:&quot;section-stretched&quot;}\">\n\t\t\t\t\t\t<div class=\"elementor-container elementor-column-gap-default\">\n\t\t\t\t\t<div class=\"elementor-column elementor-col-100 elementor-top-column elementor-element elementor-element-fd681e0\" data-id=\"fd681e0\" data-element_type=\"column\">\n\t\t\t<div class=\"elementor-widget-wrap elementor-element-populated\">\n\t\t\t\t\t\t\t\t<div class=\"elementor-element elementor-element-ef94160 elementor-widget elementor-widget-image\" data-id=\"ef94160\" data-element_type=\"widget\" data-widget_type=\"image.default\">\n\t\t\t\t<div class=\"elementor-widget-container\">\n\t\t\t\t\t\t\t\t\t\t\t\t\t\t\t<img loading=\"lazy\" decoding=\"async\" width=\"1354\" height=\"590\" src=\"https:\/\/www.goliteks.com\/wp-content\/uploads\/2022\/12\/sorumlu2.jpg\" class=\"attachment-full size-full\" alt=\"\" srcset=\"https:\/\/www.goliteks.com\/wp-content\/uploads\/2022\/12\/sorumlu2.jpg 1354w, https:\/\/www.goliteks.com\/wp-content\/uploads\/2022\/12\/sorumlu2-300x131.jpg 300w, https:\/\/www.goliteks.com\/wp-content\/uploads\/2022\/12\/sorumlu2-1024x446.jpg 1024w, https:\/\/www.goliteks.com\/wp-content\/uploads\/2022\/12\/sorumlu2-768x335.jpg 768w\" sizes=\"auto, (max-width: 1354px) 100vw, 1354px\" \/>\t\t\t\t\t\t\t\t\t\t\t\t\t\t\t<\/div>\n\t\t\t\t<\/div>\n\t\t\t\t\t<\/div>\n\t\t<\/div>\n\t\t\t\t\t\t\t<\/div>\n\t\t<\/section>\n\t\t\t\t<section class=\"elementor-section elementor-top-section elementor-element elementor-element-de87ea6 elementor-section-full_width elementor-section-stretched elementor-section-height-default elementor-section-height-default\" data-id=\"de87ea6\" data-element_type=\"section\" data-settings=\"{&quot;stretch_section&quot;:&quot;section-stretched&quot;}\">\n\t\t\t\t\t\t<div class=\"elementor-container elementor-column-gap-default\">\n\t\t\t\t\t<div class=\"elementor-column elementor-col-100 elementor-top-column elementor-element elementor-element-d27f45a\" data-id=\"d27f45a\" data-element_type=\"column\">\n\t\t\t<div class=\"elementor-widget-wrap elementor-element-populated\">\n\t\t\t\t\t\t\t\t<div class=\"elementor-element elementor-element-627ff8d elementor-widget elementor-widget-image\" data-id=\"627ff8d\" data-element_type=\"widget\" data-widget_type=\"image.default\">\n\t\t\t\t<div class=\"elementor-widget-container\">\n\t\t\t\t\t\t\t\t\t\t\t\t\t\t\t<img loading=\"lazy\" decoding=\"async\" width=\"1354\" height=\"590\" src=\"https:\/\/www.goliteks.com\/wp-content\/uploads\/2022\/12\/tutku.jpg\" class=\"attachment-full size-full\" alt=\"\" srcset=\"https:\/\/www.goliteks.com\/wp-content\/uploads\/2022\/12\/tutku.jpg 1354w, https:\/\/www.goliteks.com\/wp-content\/uploads\/2022\/12\/tutku-300x131.jpg 300w, https:\/\/www.goliteks.com\/wp-content\/uploads\/2022\/12\/tutku-1024x446.jpg 1024w, https:\/\/www.goliteks.com\/wp-content\/uploads\/2022\/12\/tutku-768x335.jpg 768w\" sizes=\"auto, (max-width: 1354px) 100vw, 1354px\" \/>\t\t\t\t\t\t\t\t\t\t\t\t\t\t\t<\/div>\n\t\t\t\t<\/div>\n\t\t\t\t\t<\/div>\n\t\t<\/div>\n\t\t\t\t\t\t\t<\/div>\n\t\t<\/section>\n\t\t\t\t<section class=\"elementor-section elementor-top-section elementor-element elementor-element-83c199d elementor-section-full_width elementor-section-stretched elementor-section-height-default elementor-section-height-default\" data-id=\"83c199d\" data-element_type=\"section\" data-settings=\"{&quot;stretch_section&quot;:&quot;section-stretched&quot;}\">\n\t\t\t\t\t\t<div class=\"elementor-container elementor-column-gap-default\">\n\t\t\t\t\t<div class=\"elementor-column elementor-col-100 elementor-top-column elementor-element elementor-element-2eb4da2\" data-id=\"2eb4da2\" data-element_type=\"column\">\n\t\t\t<div class=\"elementor-widget-wrap elementor-element-populated\">\n\t\t\t\t\t\t\t\t<div class=\"elementor-element elementor-element-d63f4ef elementor-widget elementor-widget-image\" data-id=\"d63f4ef\" data-element_type=\"widget\" data-widget_type=\"image.default\">\n\t\t\t\t<div class=\"elementor-widget-container\">\n\t\t\t\t\t\t\t\t\t\t\t\t\t\t\t<img loading=\"lazy\" decoding=\"async\" width=\"1354\" height=\"590\" src=\"https:\/\/www.goliteks.com\/wp-content\/uploads\/2022\/12\/birlikte.jpg\" class=\"attachment-full size-full\" alt=\"\" srcset=\"https:\/\/www.goliteks.com\/wp-content\/uploads\/2022\/12\/birlikte.jpg 1354w, https:\/\/www.goliteks.com\/wp-content\/uploads\/2022\/12\/birlikte-300x131.jpg 300w, https:\/\/www.goliteks.com\/wp-content\/uploads\/2022\/12\/birlikte-1024x446.jpg 1024w, https:\/\/www.goliteks.com\/wp-content\/uploads\/2022\/12\/birlikte-768x335.jpg 768w\" sizes=\"auto, (max-width: 1354px) 100vw, 1354px\" \/>\t\t\t\t\t\t\t\t\t\t\t\t\t\t\t<\/div>\n\t\t\t\t<\/div>\n\t\t\t\t\t<\/div>\n\t\t<\/div>\n\t\t\t\t\t\t\t<\/div>\n\t\t<\/section>\n\t\t\t\t<section class=\"elementor-section elementor-top-section elementor-element elementor-element-c7416e4 elementor-section-full_width elementor-section-stretched elementor-section-height-default elementor-section-height-default\" data-id=\"c7416e4\" data-element_type=\"section\" data-settings=\"{&quot;stretch_section&quot;:&quot;section-stretched&quot;,&quot;background_background&quot;:&quot;classic&quot;}\">\n\t\t\t\t\t\t<div class=\"elementor-container elementor-column-gap-default\">\n\t\t\t\t\t<div class=\"elementor-column elementor-col-100 elementor-top-column elementor-element elementor-element-035338c\" data-id=\"035338c\" data-element_type=\"column\">\n\t\t\t<div class=\"elementor-widget-wrap elementor-element-populated\">\n\t\t\t\t\t\t\t\t<div class=\"elementor-element elementor-element-b8f83af elementor-widget elementor-widget-heading\" data-id=\"b8f83af\" data-element_type=\"widget\" data-widget_type=\"heading.default\">\n\t\t\t\t<div class=\"elementor-widget-container\">\n\t\t\t<h2 class=\"elementor-heading-title elementor-size-default\">Kuvvetli yurtd\u0131\u015f\u0131 ba\u011flant\u0131lar\u0131m\u0131z sayesinde, d\u00fcnyaca \u00fcnl\u00fc Petrokimya \u00fcr\u00fcnlerini siz imalat\u00e7\u0131lar\u0131m\u0131zla bulu\u015fturuyoruz..<\/h2>\t\t<\/div>\n\t\t\t\t<\/div>\n\t\t\t\t\t<\/div>\n\t\t<\/div>\n\t\t\t\t\t\t\t<\/div>\n\t\t<\/section>\n\t\t\t\t\t\t<\/div>\n\t\t\t\t\t<\/div>\n\t\t","protected":false},"excerpt":{"rendered":"<p>Kuvvetli yurtd\u0131\u015f\u0131 ba\u011flant\u0131lar\u0131m\u0131z sayesinde, d\u00fcnyaca \u00fcnl\u00fc Petrokimya \u00fcr\u00fcnlerini siz imalat\u00e7\u0131lar\u0131m\u0131zla bulu\u015fturuyoruz..<\/p>\n","protected":false},"author":1,"featured_media":0,"parent":0,"menu_order":0,"comment_status":"closed","ping_status":"closed","template":"","meta":{"footnotes":""},"class_list":["post-1959","page","type-page","status-publish","hentry","entry"],"yoast_head":"<!-- This site is optimized with the Yoast SEO plugin v16.8 - https:\/\/yoast.com\/wordpress\/plugins\/seo\/ -->\n<title>About Us - Goliteks<\/title>\n<meta name=\"robots\" content=\"index, follow, max-snippet:-1, max-image-preview:large, max-video-preview:-1\" \/>\n<link rel=\"canonical\" href=\"https:\/\/www.goliteks.com\/index.php\/about-us-2\/\" \/>\n<meta property=\"og:locale\" content=\"tr_TR\" \/>\n<meta property=\"og:type\" content=\"article\" \/>\n<meta property=\"og:title\" content=\"About Us - Goliteks\" \/>\n<meta property=\"og:description\" content=\"Kuvvetli yurtd\u0131\u015f\u0131 ba\u011flant\u0131lar\u0131m\u0131z sayesinde, d\u00fcnyaca \u00fcnl\u00fc Petrokimya \u00fcr\u00fcnlerini siz imalat\u00e7\u0131lar\u0131m\u0131zla bulu\u015fturuyoruz..\" \/>\n<meta property=\"og:url\" content=\"https:\/\/www.goliteks.com\/index.php\/about-us-2\/\" \/>\n<meta property=\"og:site_name\" content=\"Goliteks\" \/>\n<meta property=\"article:modified_time\" content=\"2022-12-15T11:26:13+00:00\" \/>\n<meta property=\"og:image\" content=\"http:\/\/www.goli.yapimasamasi.site\/yeni\/wp-content\/uploads\/2022\/12\/FELSEFESON2.jpg\" \/>\n<meta name=\"twitter:card\" content=\"summary_large_image\" \/>\n<meta name=\"twitter:label1\" content=\"Tahmini okuma s\u00fcresi\" \/>\n\t<meta name=\"twitter:data1\" content=\"2 dakika\" \/>\n<script type=\"application\/ld+json\" class=\"yoast-schema-graph\">{\"@context\":\"https:\/\/schema.org\",\"@graph\":[{\"@type\":\"WebSite\",\"@id\":\"http:\/\/www.goliteks.com\/#website\",\"url\":\"http:\/\/www.goliteks.com\/\",\"name\":\"Goliteks\",\"description\":\"Goliteks\",\"potentialAction\":[{\"@type\":\"SearchAction\",\"target\":{\"@type\":\"EntryPoint\",\"urlTemplate\":\"http:\/\/www.goliteks.com\/?s={search_term_string}\"},\"query-input\":\"required name=search_term_string\"}],\"inLanguage\":\"tr\"},{\"@type\":\"ImageObject\",\"@id\":\"https:\/\/www.goliteks.com\/index.php\/about-us-2\/#primaryimage\",\"inLanguage\":\"tr\",\"url\":\"http:\/\/www.goli.yapimasamasi.site\/yeni\/wp-content\/uploads\/2022\/12\/FELSEFESON2.jpg\",\"contentUrl\":\"http:\/\/www.goli.yapimasamasi.site\/yeni\/wp-content\/uploads\/2022\/12\/FELSEFESON2.jpg\"},{\"@type\":\"WebPage\",\"@id\":\"https:\/\/www.goliteks.com\/index.php\/about-us-2\/#webpage\",\"url\":\"https:\/\/www.goliteks.com\/index.php\/about-us-2\/\",\"name\":\"About Us - Goliteks\",\"isPartOf\":{\"@id\":\"http:\/\/www.goliteks.com\/#website\"},\"primaryImageOfPage\":{\"@id\":\"https:\/\/www.goliteks.com\/index.php\/about-us-2\/#primaryimage\"},\"datePublished\":\"2022-10-20T23:57:09+00:00\",\"dateModified\":\"2022-12-15T11:26:13+00:00\",\"breadcrumb\":{\"@id\":\"https:\/\/www.goliteks.com\/index.php\/about-us-2\/#breadcrumb\"},\"inLanguage\":\"tr\",\"potentialAction\":[{\"@type\":\"ReadAction\",\"target\":[\"https:\/\/www.goliteks.com\/index.php\/about-us-2\/\"]}]},{\"@type\":\"BreadcrumbList\",\"@id\":\"https:\/\/www.goliteks.com\/index.php\/about-us-2\/#breadcrumb\",\"itemListElement\":[{\"@type\":\"ListItem\",\"position\":1,\"name\":\"Anasayfa\",\"item\":\"http:\/\/www.goliteks.com\/\"},{\"@type\":\"ListItem\",\"position\":2,\"name\":\"About Us\"}]}]}<\/script>\n<!-- \/ Yoast SEO plugin. -->","yoast_head_json":{"title":"About Us - Goliteks","robots":{"index":"index","follow":"follow","max-snippet":"max-snippet:-1","max-image-preview":"max-image-preview:large","max-video-preview":"max-video-preview:-1"},"canonical":"https:\/\/www.goliteks.com\/index.php\/about-us-2\/","og_locale":"tr_TR","og_type":"article","og_title":"About Us - Goliteks","og_description":"Kuvvetli yurtd\u0131\u015f\u0131 ba\u011flant\u0131lar\u0131m\u0131z sayesinde, d\u00fcnyaca \u00fcnl\u00fc Petrokimya \u00fcr\u00fcnlerini siz imalat\u00e7\u0131lar\u0131m\u0131zla bulu\u015fturuyoruz..","og_url":"https:\/\/www.goliteks.com\/index.php\/about-us-2\/","og_site_name":"Goliteks","article_modified_time":"2022-12-15T11:26:13+00:00","og_image":[{"url":"http:\/\/www.goli.yapimasamasi.site\/yeni\/wp-content\/uploads\/2022\/12\/FELSEFESON2.jpg"}],"twitter_card":"summary_large_image","twitter_misc":{"Tahmini okuma s\u00fcresi":"2 dakika"},"schema":{"@context":"https:\/\/schema.org","@graph":[{"@type":"WebSite","@id":"http:\/\/www.goliteks.com\/#website","url":"http:\/\/www.goliteks.com\/","name":"Goliteks","description":"Goliteks","potentialAction":[{"@type":"SearchAction","target":{"@type":"EntryPoint","urlTemplate":"http:\/\/www.goliteks.com\/?s={search_term_string}"},"query-input":"required name=search_term_string"}],"inLanguage":"tr"},{"@type":"ImageObject","@id":"https:\/\/www.goliteks.com\/index.php\/about-us-2\/#primaryimage","inLanguage":"tr","url":"http:\/\/www.goli.yapimasamasi.site\/yeni\/wp-content\/uploads\/2022\/12\/FELSEFESON2.jpg","contentUrl":"http:\/\/www.goli.yapimasamasi.site\/yeni\/wp-content\/uploads\/2022\/12\/FELSEFESON2.jpg"},{"@type":"WebPage","@id":"https:\/\/www.goliteks.com\/index.php\/about-us-2\/#webpage","url":"https:\/\/www.goliteks.com\/index.php\/about-us-2\/","name":"About Us - Goliteks","isPartOf":{"@id":"http:\/\/www.goliteks.com\/#website"},"primaryImageOfPage":{"@id":"https:\/\/www.goliteks.com\/index.php\/about-us-2\/#primaryimage"},"datePublished":"2022-10-20T23:57:09+00:00","dateModified":"2022-12-15T11:26:13+00:00","breadcrumb":{"@id":"https:\/\/www.goliteks.com\/index.php\/about-us-2\/#breadcrumb"},"inLanguage":"tr","potentialAction":[{"@type":"ReadAction","target":["https:\/\/www.goliteks.com\/index.php\/about-us-2\/"]}]},{"@type":"BreadcrumbList","@id":"https:\/\/www.goliteks.com\/index.php\/about-us-2\/#breadcrumb","itemListElement":[{"@type":"ListItem","position":1,"name":"Anasayfa","item":"http:\/\/www.goliteks.com\/"},{"@type":"ListItem","position":2,"name":"About Us"}]}]}},"_links":{"self":[{"href":"https:\/\/www.goliteks.com\/index.php\/wp-json\/wp\/v2\/pages\/1959","targetHints":{"allow":["GET"]}}],"collection":[{"href":"https:\/\/www.goliteks.com\/index.php\/wp-json\/wp\/v2\/pages"}],"about":[{"href":"https:\/\/www.goliteks.com\/index.php\/wp-json\/wp\/v2\/types\/page"}],"author":[{"embeddable":true,"href":"https:\/\/www.goliteks.com\/index.php\/wp-json\/wp\/v2\/users\/1"}],"replies":[{"embeddable":true,"href":"https:\/\/www.goliteks.com\/index.php\/wp-json\/wp\/v2\/comments?post=1959"}],"version-history":[{"count":45,"href":"https:\/\/www.goliteks.com\/index.php\/wp-json\/wp\/v2\/pages\/1959\/revisions"}],"predecessor-version":[{"id":2899,"href":"https:\/\/www.goliteks.com\/index.php\/wp-json\/wp\/v2\/pages\/1959\/revisions\/2899"}],"wp:attachment":[{"href":"https:\/\/www.goliteks.com\/index.php\/wp-json\/wp\/v2\/media?parent=1959"}],"curies":[{"name":"wp","href":"https:\/\/api.w.org\/{rel}","templated":true}]}}