{"id":2320,"date":"2022-11-29T22:16:13","date_gmt":"2022-11-29T19:16:13","guid":{"rendered":"http:\/\/www.goli.yapimasamasi.site\/yeni\/?page_id=2320"},"modified":"2022-12-06T14:42:55","modified_gmt":"2022-12-06T11:42:55","slug":"carbon-black-karbon-siyahi","status":"publish","type":"page","link":"https:\/\/www.goliteks.com\/index.php\/carbon-black-karbon-siyahi\/","title":{"rendered":"Carbon Black ( Karbon Siyah\u0131 )"},"content":{"rendered":"\t\t<div data-elementor-type=\"wp-page\" data-elementor-id=\"2320\" class=\"elementor elementor-2320\" data-elementor-settings=\"[]\">\n\t\t\t\t\t\t\t<div class=\"elementor-section-wrap\">\n\t\t\t\t\t\t\t<section class=\"elementor-section elementor-top-section elementor-element elementor-element-5a3d545 elementor-section-boxed elementor-section-height-default elementor-section-height-default\" data-id=\"5a3d545\" data-element_type=\"section\">\n\t\t\t\t\t\t<div class=\"elementor-container elementor-column-gap-default\">\n\t\t\t\t\t<div class=\"elementor-column elementor-col-50 elementor-top-column elementor-element elementor-element-a3e1413\" data-id=\"a3e1413\" data-element_type=\"column\">\n\t\t\t<div class=\"elementor-widget-wrap elementor-element-populated\">\n\t\t\t\t\t\t\t\t<div class=\"elementor-element elementor-element-820d2d8 elementor-widget elementor-widget-image\" data-id=\"820d2d8\" data-element_type=\"widget\" data-widget_type=\"image.default\">\n\t\t\t\t<div class=\"elementor-widget-container\">\n\t\t\t\t\t\t\t\t\t\t\t\t\t\t\t<img loading=\"lazy\" decoding=\"async\" width=\"500\" height=\"500\" src=\"https:\/\/www.goliteks.com\/wp-content\/uploads\/2022\/11\/1-4.jpg\" class=\"attachment-large size-large\" alt=\"\" srcset=\"https:\/\/www.goliteks.com\/wp-content\/uploads\/2022\/11\/1-4.jpg 500w, https:\/\/www.goliteks.com\/wp-content\/uploads\/2022\/11\/1-4-300x300.jpg 300w, https:\/\/www.goliteks.com\/wp-content\/uploads\/2022\/11\/1-4-150x150.jpg 150w\" sizes=\"auto, (max-width: 500px) 100vw, 500px\" \/>\t\t\t\t\t\t\t\t\t\t\t\t\t\t\t<\/div>\n\t\t\t\t<\/div>\n\t\t\t\t<section class=\"elementor-section elementor-inner-section elementor-element elementor-element-1675328 elementor-section-boxed elementor-section-height-default elementor-section-height-default\" data-id=\"1675328\" data-element_type=\"section\">\n\t\t\t\t\t\t<div class=\"elementor-container elementor-column-gap-default\">\n\t\t\t\t\t<div class=\"elementor-column elementor-col-20 elementor-inner-column elementor-element elementor-element-6506b4f\" data-id=\"6506b4f\" data-element_type=\"column\">\n\t\t\t<div class=\"elementor-widget-wrap elementor-element-populated\">\n\t\t\t\t\t\t\t\t<div class=\"elementor-element elementor-element-d9d5c62 elementor-widget elementor-widget-image\" data-id=\"d9d5c62\" data-element_type=\"widget\" data-widget_type=\"image.default\">\n\t\t\t\t<div class=\"elementor-widget-container\">\n\t\t\t\t\t\t\t\t\t\t\t\t\t\t\t\t<a href=\"http:\/\/www.goli.yapimasamasi.site\/yeni\/wp-content\/uploads\/2022\/11\/2-2.jpg\" data-elementor-open-lightbox=\"yes\" data-elementor-lightbox-title=\"GOL\u0130TEKS.FH11\">\n\t\t\t\t\t\t\t<img loading=\"lazy\" decoding=\"async\" width=\"500\" height=\"500\" src=\"https:\/\/www.goliteks.com\/wp-content\/uploads\/2022\/11\/2-2.jpg\" class=\"attachment-large size-large\" alt=\"\" srcset=\"https:\/\/www.goliteks.com\/wp-content\/uploads\/2022\/11\/2-2.jpg 500w, https:\/\/www.goliteks.com\/wp-content\/uploads\/2022\/11\/2-2-300x300.jpg 300w, https:\/\/www.goliteks.com\/wp-content\/uploads\/2022\/11\/2-2-150x150.jpg 150w\" sizes=\"auto, (max-width: 500px) 100vw, 500px\" \/>\t\t\t\t\t\t\t\t<\/a>\n\t\t\t\t\t\t\t\t\t\t\t\t\t\t\t<\/div>\n\t\t\t\t<\/div>\n\t\t\t\t\t<\/div>\n\t\t<\/div>\n\t\t\t\t<div class=\"elementor-column elementor-col-20 elementor-inner-column elementor-element elementor-element-dc1c6f5\" data-id=\"dc1c6f5\" data-element_type=\"column\">\n\t\t\t<div class=\"elementor-widget-wrap elementor-element-populated\">\n\t\t\t\t\t\t\t\t<div class=\"elementor-element elementor-element-8632b0d elementor-widget elementor-widget-image\" data-id=\"8632b0d\" data-element_type=\"widget\" data-widget_type=\"image.default\">\n\t\t\t\t<div class=\"elementor-widget-container\">\n\t\t\t\t\t\t\t\t\t\t\t\t\t\t\t\t<a href=\"http:\/\/www.goli.yapimasamasi.site\/yeni\/wp-content\/uploads\/2022\/11\/3-1.jpg\" data-elementor-open-lightbox=\"yes\" data-elementor-lightbox-title=\"GOL\u0130TEKS.FH11\">\n\t\t\t\t\t\t\t<img loading=\"lazy\" decoding=\"async\" width=\"500\" height=\"500\" src=\"https:\/\/www.goliteks.com\/wp-content\/uploads\/2022\/11\/3-1.jpg\" class=\"attachment-large size-large\" alt=\"\" srcset=\"https:\/\/www.goliteks.com\/wp-content\/uploads\/2022\/11\/3-1.jpg 500w, https:\/\/www.goliteks.com\/wp-content\/uploads\/2022\/11\/3-1-300x300.jpg 300w, https:\/\/www.goliteks.com\/wp-content\/uploads\/2022\/11\/3-1-150x150.jpg 150w\" sizes=\"auto, (max-width: 500px) 100vw, 500px\" \/>\t\t\t\t\t\t\t\t<\/a>\n\t\t\t\t\t\t\t\t\t\t\t\t\t\t\t<\/div>\n\t\t\t\t<\/div>\n\t\t\t\t\t<\/div>\n\t\t<\/div>\n\t\t\t\t<div class=\"elementor-column elementor-col-20 elementor-inner-column elementor-element elementor-element-51a2801\" data-id=\"51a2801\" data-element_type=\"column\">\n\t\t\t<div class=\"elementor-widget-wrap\">\n\t\t\t\t\t\t\t\t\t<\/div>\n\t\t<\/div>\n\t\t\t\t<div class=\"elementor-column elementor-col-20 elementor-inner-column elementor-element elementor-element-2d4a680\" data-id=\"2d4a680\" data-element_type=\"column\">\n\t\t\t<div class=\"elementor-widget-wrap\">\n\t\t\t\t\t\t\t\t\t<\/div>\n\t\t<\/div>\n\t\t\t\t<div class=\"elementor-column elementor-col-20 elementor-inner-column elementor-element elementor-element-e473eb9\" data-id=\"e473eb9\" data-element_type=\"column\">\n\t\t\t<div class=\"elementor-widget-wrap\">\n\t\t\t\t\t\t\t\t\t<\/div>\n\t\t<\/div>\n\t\t\t\t\t\t\t<\/div>\n\t\t<\/section>\n\t\t\t\t\t<\/div>\n\t\t<\/div>\n\t\t\t\t<div class=\"elementor-column elementor-col-50 elementor-top-column elementor-element elementor-element-e53ae83\" data-id=\"e53ae83\" data-element_type=\"column\">\n\t\t\t<div class=\"elementor-widget-wrap elementor-element-populated\">\n\t\t\t\t\t\t\t\t<div class=\"elementor-element elementor-element-19c5bac elementor-widget elementor-widget-heading\" data-id=\"19c5bac\" data-element_type=\"widget\" data-widget_type=\"heading.default\">\n\t\t\t\t<div class=\"elementor-widget-container\">\n\t\t\t<h2 class=\"elementor-heading-title elementor-size-default\">Carbon Black ( Karbon Siyah\u0131 )<\/h2>\t\t<\/div>\n\t\t\t\t<\/div>\n\t\t\t\t<div class=\"elementor-element elementor-element-d70329c elementor-widget elementor-widget-text-editor\" data-id=\"d70329c\" data-element_type=\"widget\" data-widget_type=\"text-editor.default\">\n\t\t\t\t<div class=\"elementor-widget-container\">\n\t\t\t\t\t\t\t\t<p><br \/><br \/>Kau\u00e7uk hamurlarda mekanik \u00f6zellikleri geli\u015ftirmek,sertli\u011fi artt\u0131rmak ve siyah rengi vermek i\u00e7in kullan\u0131l\u0131r. Ayn\u0131 zamanda plastik gran\u00fcl ve PVC taban \u00fcretiminde malzemeye sa\u011flaml\u0131k ve siyah rengi vermesi i\u00e7inde kullan\u0131l\u0131r.<\/p><p>Stoklar\u0131m\u0131zda N550 (FEF) ve N330 (HAF) olarak bulunmaktad\u0131r. 20 KG luk ambalajlarda ve 1 Tonluk ambalajlarda sat\u0131\u015fa sunulmaktad\u0131r.<\/p>\t\t\t\t\t\t<\/div>\n\t\t\t\t<\/div>\n\t\t\t\t<div class=\"elementor-element elementor-element-2b176a0 elementor-widget elementor-widget-htmega-button-addons\" data-id=\"2b176a0\" data-element_type=\"widget\" data-widget_type=\"htmega-button-addons.default\">\n\t\t\t\t<div class=\"elementor-widget-container\">\n\t\t\t<div class=\"htmega-button htmega-btn-style-1 htmega-btn-shadow-0\"><a href=\"#\" class=\"htb-btn htmega-btn-size-md htmega-btn-effect-1\">Sipari\u015f ver<\/a><\/div>\t\t<\/div>\n\t\t\t\t<\/div>\n\t\t\t\t\t<\/div>\n\t\t<\/div>\n\t\t\t\t\t\t\t<\/div>\n\t\t<\/section>\n\t\t\t\t<section class=\"elementor-section elementor-top-section elementor-element elementor-element-f8d3e7c elementor-section-stretched elementor-section-boxed elementor-section-height-default elementor-section-height-default\" data-id=\"f8d3e7c\" data-element_type=\"section\" data-settings=\"{&quot;stretch_section&quot;:&quot;section-stretched&quot;,&quot;background_background&quot;:&quot;classic&quot;}\">\n\t\t\t\t\t\t<div class=\"elementor-container elementor-column-gap-default\">\n\t\t\t\t\t<div class=\"elementor-column elementor-col-100 elementor-top-column elementor-element elementor-element-fcbe109\" data-id=\"fcbe109\" data-element_type=\"column\">\n\t\t\t<div class=\"elementor-widget-wrap elementor-element-populated\">\n\t\t\t\t\t\t\t\t<div class=\"elementor-element elementor-element-4df7933 elementor-widget elementor-widget-spacer\" data-id=\"4df7933\" data-element_type=\"widget\" data-widget_type=\"spacer.default\">\n\t\t\t\t<div class=\"elementor-widget-container\">\n\t\t\t\t\t<div class=\"elementor-spacer\">\n\t\t\t<div class=\"elementor-spacer-inner\"><\/div>\n\t\t<\/div>\n\t\t\t\t<\/div>\n\t\t\t\t<\/div>\n\t\t\t\t<div class=\"elementor-element elementor-element-508589c elementor-widget elementor-widget-heading\" data-id=\"508589c\" data-element_type=\"widget\" data-widget_type=\"heading.default\">\n\t\t\t\t<div class=\"elementor-widget-container\">\n\t\t\t<h2 class=\"elementor-heading-title elementor-size-default\">Di\u011fer \u00dcr\u00fcnler<\/h2>\t\t<\/div>\n\t\t\t\t<\/div>\n\t\t\t\t\t<\/div>\n\t\t<\/div>\n\t\t\t\t\t\t\t<\/div>\n\t\t<\/section>\n\t\t\t\t<section class=\"elementor-section elementor-top-section elementor-element elementor-element-cd35b2f elementor-section-stretched elementor-section-boxed elementor-section-height-default elementor-section-height-default\" data-id=\"cd35b2f\" data-element_type=\"section\" data-settings=\"{&quot;stretch_section&quot;:&quot;section-stretched&quot;,&quot;background_background&quot;:&quot;classic&quot;}\">\n\t\t\t\t\t\t<div class=\"elementor-container elementor-column-gap-default\">\n\t\t\t\t\t<div class=\"elementor-column elementor-col-25 elementor-top-column elementor-element elementor-element-32ddb5b\" data-id=\"32ddb5b\" data-element_type=\"column\">\n\t\t\t<div class=\"elementor-widget-wrap elementor-element-populated\">\n\t\t\t\t\t\t\t\t<div class=\"elementor-element elementor-element-f23e051 elementor-widget elementor-widget-image\" data-id=\"f23e051\" data-element_type=\"widget\" data-widget_type=\"image.default\">\n\t\t\t\t<div class=\"elementor-widget-container\">\n\t\t\t\t\t\t\t\t\t\t\t\t\t\t\t<img loading=\"lazy\" decoding=\"async\" width=\"500\" height=\"500\" src=\"https:\/\/www.goliteks.com\/wp-content\/uploads\/2022\/11\/1.jpg\" class=\"attachment-large size-large\" alt=\"\" srcset=\"https:\/\/www.goliteks.com\/wp-content\/uploads\/2022\/11\/1.jpg 500w, https:\/\/www.goliteks.com\/wp-content\/uploads\/2022\/11\/1-300x300.jpg 300w, https:\/\/www.goliteks.com\/wp-content\/uploads\/2022\/11\/1-150x150.jpg 150w\" sizes=\"auto, (max-width: 500px) 100vw, 500px\" \/>\t\t\t\t\t\t\t\t\t\t\t\t\t\t\t<\/div>\n\t\t\t\t<\/div>\n\t\t\t\t<div class=\"elementor-element elementor-element-57cb132 elementor-widget elementor-widget-heading\" data-id=\"57cb132\" data-element_type=\"widget\" data-widget_type=\"heading.default\">\n\t\t\t\t<div class=\"elementor-widget-container\">\n\t\t\t<h2 class=\"elementor-heading-title elementor-size-default\">S\u00fcspansiyon PVC<\/h2>\t\t<\/div>\n\t\t\t\t<\/div>\n\t\t\t\t\t<\/div>\n\t\t<\/div>\n\t\t\t\t<div class=\"elementor-column elementor-col-25 elementor-top-column elementor-element elementor-element-01f8042\" data-id=\"01f8042\" data-element_type=\"column\">\n\t\t\t<div class=\"elementor-widget-wrap elementor-element-populated\">\n\t\t\t\t\t\t\t\t<div class=\"elementor-element elementor-element-361c6cb elementor-widget elementor-widget-image\" data-id=\"361c6cb\" data-element_type=\"widget\" data-widget_type=\"image.default\">\n\t\t\t\t<div class=\"elementor-widget-container\">\n\t\t\t\t\t\t\t\t\t\t\t\t\t\t\t<img loading=\"lazy\" decoding=\"async\" width=\"500\" height=\"500\" src=\"https:\/\/www.goliteks.com\/wp-content\/uploads\/2022\/11\/1-1.jpg\" class=\"attachment-large size-large\" alt=\"\" srcset=\"https:\/\/www.goliteks.com\/wp-content\/uploads\/2022\/11\/1-1.jpg 500w, https:\/\/www.goliteks.com\/wp-content\/uploads\/2022\/11\/1-1-300x300.jpg 300w, https:\/\/www.goliteks.com\/wp-content\/uploads\/2022\/11\/1-1-150x150.jpg 150w\" sizes=\"auto, (max-width: 500px) 100vw, 500px\" \/>\t\t\t\t\t\t\t\t\t\t\t\t\t\t\t<\/div>\n\t\t\t\t<\/div>\n\t\t\t\t<div class=\"elementor-element elementor-element-5c04764 elementor-widget elementor-widget-heading\" data-id=\"5c04764\" data-element_type=\"widget\" data-widget_type=\"heading.default\">\n\t\t\t\t<div class=\"elementor-widget-container\">\n\t\t\t<h2 class=\"elementor-heading-title elementor-size-default\">Em\u00fclsiyon PVC<\/h2>\t\t<\/div>\n\t\t\t\t<\/div>\n\t\t\t\t\t<\/div>\n\t\t<\/div>\n\t\t\t\t<div class=\"elementor-column elementor-col-25 elementor-top-column elementor-element elementor-element-73489e7\" data-id=\"73489e7\" data-element_type=\"column\">\n\t\t\t<div class=\"elementor-widget-wrap elementor-element-populated\">\n\t\t\t\t\t\t\t\t<div class=\"elementor-element elementor-element-e532034 elementor-widget elementor-widget-image\" data-id=\"e532034\" data-element_type=\"widget\" data-widget_type=\"image.default\">\n\t\t\t\t<div class=\"elementor-widget-container\">\n\t\t\t\t\t\t\t\t\t\t\t\t\t\t\t<img loading=\"lazy\" decoding=\"async\" width=\"500\" height=\"500\" src=\"https:\/\/www.goliteks.com\/wp-content\/uploads\/2022\/11\/1-2.jpg\" class=\"attachment-large size-large\" alt=\"\" srcset=\"https:\/\/www.goliteks.com\/wp-content\/uploads\/2022\/11\/1-2.jpg 500w, https:\/\/www.goliteks.com\/wp-content\/uploads\/2022\/11\/1-2-300x300.jpg 300w, https:\/\/www.goliteks.com\/wp-content\/uploads\/2022\/11\/1-2-150x150.jpg 150w\" sizes=\"auto, (max-width: 500px) 100vw, 500px\" \/>\t\t\t\t\t\t\t\t\t\t\t\t\t\t\t<\/div>\n\t\t\t\t<\/div>\n\t\t\t\t<div class=\"elementor-element elementor-element-0b60e7a elementor-widget elementor-widget-heading\" data-id=\"0b60e7a\" data-element_type=\"widget\" data-widget_type=\"heading.default\">\n\t\t\t\t<div class=\"elementor-widget-container\">\n\t\t\t<h2 class=\"elementor-heading-title elementor-size-default\">Polipropilen PP<\/h2>\t\t<\/div>\n\t\t\t\t<\/div>\n\t\t\t\t\t<\/div>\n\t\t<\/div>\n\t\t\t\t<div class=\"elementor-column elementor-col-25 elementor-top-column elementor-element elementor-element-da6a2c9\" data-id=\"da6a2c9\" data-element_type=\"column\">\n\t\t\t<div class=\"elementor-widget-wrap elementor-element-populated\">\n\t\t\t\t\t\t\t\t<div class=\"elementor-element elementor-element-ddb05e9 elementor-widget elementor-widget-image\" data-id=\"ddb05e9\" data-element_type=\"widget\" data-widget_type=\"image.default\">\n\t\t\t\t<div class=\"elementor-widget-container\">\n\t\t\t\t\t\t\t\t\t\t\t\t\t\t\t<img loading=\"lazy\" decoding=\"async\" width=\"500\" height=\"500\" src=\"https:\/\/www.goliteks.com\/wp-content\/uploads\/2022\/11\/1-3.jpg\" class=\"attachment-large size-large\" alt=\"\" srcset=\"https:\/\/www.goliteks.com\/wp-content\/uploads\/2022\/11\/1-3.jpg 500w, https:\/\/www.goliteks.com\/wp-content\/uploads\/2022\/11\/1-3-300x300.jpg 300w, https:\/\/www.goliteks.com\/wp-content\/uploads\/2022\/11\/1-3-150x150.jpg 150w\" sizes=\"auto, (max-width: 500px) 100vw, 500px\" \/>\t\t\t\t\t\t\t\t\t\t\t\t\t\t\t<\/div>\n\t\t\t\t<\/div>\n\t\t\t\t<div class=\"elementor-element elementor-element-7b9738a elementor-widget elementor-widget-heading\" data-id=\"7b9738a\" data-element_type=\"widget\" data-widget_type=\"heading.default\">\n\t\t\t\t<div class=\"elementor-widget-container\">\n\t\t\t<h2 class=\"elementor-heading-title elementor-size-default\">Polietilen<\/h2>\t\t<\/div>\n\t\t\t\t<\/div>\n\t\t\t\t\t<\/div>\n\t\t<\/div>\n\t\t\t\t\t\t\t<\/div>\n\t\t<\/section>\n\t\t\t\t<section class=\"elementor-section elementor-top-section elementor-element elementor-element-fa51ceb elementor-section-stretched elementor-section-boxed elementor-section-height-default elementor-section-height-default\" data-id=\"fa51ceb\" data-element_type=\"section\" data-settings=\"{&quot;stretch_section&quot;:&quot;section-stretched&quot;,&quot;background_background&quot;:&quot;classic&quot;}\">\n\t\t\t\t\t\t<div class=\"elementor-container elementor-column-gap-default\">\n\t\t\t\t\t<div class=\"elementor-column elementor-col-100 elementor-top-column elementor-element elementor-element-2890b6d\" data-id=\"2890b6d\" data-element_type=\"column\">\n\t\t\t<div class=\"elementor-widget-wrap elementor-element-populated\">\n\t\t\t\t\t\t\t\t<div class=\"elementor-element elementor-element-b652cd3 elementor-widget elementor-widget-spacer\" data-id=\"b652cd3\" data-element_type=\"widget\" data-widget_type=\"spacer.default\">\n\t\t\t\t<div class=\"elementor-widget-container\">\n\t\t\t\t\t<div class=\"elementor-spacer\">\n\t\t\t<div class=\"elementor-spacer-inner\"><\/div>\n\t\t<\/div>\n\t\t\t\t<\/div>\n\t\t\t\t<\/div>\n\t\t\t\t\t<\/div>\n\t\t<\/div>\n\t\t\t\t\t\t\t<\/div>\n\t\t<\/section>\n\t\t\t\t\t\t<\/div>\n\t\t\t\t\t<\/div>\n\t\t","protected":false},"excerpt":{"rendered":"<p>Carbon Black ( Karbon Siyah\u0131 ) Kau\u00e7uk hamurlarda mekanik \u00f6zellikleri geli\u015ftirmek,sertli\u011fi artt\u0131rmak ve siyah rengi vermek i\u00e7in kullan\u0131l\u0131r. Ayn\u0131 zamanda plastik gran\u00fcl ve PVC taban \u00fcretiminde malzemeye sa\u011flaml\u0131k ve siyah rengi vermesi i\u00e7inde kullan\u0131l\u0131r. Stoklar\u0131m\u0131zda N550 (FEF) ve N330 (HAF) olarak bulunmaktad\u0131r. 20 KG luk ambalajlarda ve 1 Tonluk ambalajlarda sat\u0131\u015fa sunulmaktad\u0131r. Sipari\u015f ver Di\u011fer [&hellip;]<\/p>\n","protected":false},"author":1,"featured_media":0,"parent":0,"menu_order":0,"comment_status":"closed","ping_status":"closed","template":"","meta":{"footnotes":""},"class_list":["post-2320","page","type-page","status-publish","hentry","entry"],"yoast_head":"<!-- This site is optimized with the Yoast SEO plugin v16.8 - https:\/\/yoast.com\/wordpress\/plugins\/seo\/ -->\n<title>Carbon Black ( Karbon Siyah\u0131 ) - Goliteks<\/title>\n<meta name=\"robots\" content=\"index, follow, max-snippet:-1, max-image-preview:large, max-video-preview:-1\" \/>\n<link rel=\"canonical\" href=\"https:\/\/www.goliteks.com\/index.php\/carbon-black-karbon-siyahi\/\" \/>\n<meta property=\"og:locale\" content=\"tr_TR\" \/>\n<meta property=\"og:type\" content=\"article\" \/>\n<meta property=\"og:title\" content=\"Carbon Black ( Karbon Siyah\u0131 ) - Goliteks\" \/>\n<meta property=\"og:description\" content=\"Carbon Black ( Karbon Siyah\u0131 ) Kau\u00e7uk hamurlarda mekanik \u00f6zellikleri geli\u015ftirmek,sertli\u011fi artt\u0131rmak ve siyah rengi vermek i\u00e7in kullan\u0131l\u0131r. Ayn\u0131 zamanda plastik gran\u00fcl ve PVC taban \u00fcretiminde malzemeye sa\u011flaml\u0131k ve siyah rengi vermesi i\u00e7inde kullan\u0131l\u0131r. Stoklar\u0131m\u0131zda N550 (FEF) ve N330 (HAF) olarak bulunmaktad\u0131r. 20 KG luk ambalajlarda ve 1 Tonluk ambalajlarda sat\u0131\u015fa sunulmaktad\u0131r. Sipari\u015f ver Di\u011fer [&hellip;]\" \/>\n<meta property=\"og:url\" content=\"https:\/\/www.goliteks.com\/index.php\/carbon-black-karbon-siyahi\/\" \/>\n<meta property=\"og:site_name\" content=\"Goliteks\" \/>\n<meta property=\"article:modified_time\" content=\"2022-12-06T11:42:55+00:00\" \/>\n<meta property=\"og:image\" content=\"http:\/\/www.goli.yapimasamasi.site\/yeni\/wp-content\/uploads\/2022\/11\/1-4.jpg\" \/>\n<meta name=\"twitter:card\" content=\"summary_large_image\" \/>\n<meta name=\"twitter:label1\" content=\"Tahmini okuma s\u00fcresi\" \/>\n\t<meta name=\"twitter:data1\" content=\"2 dakika\" \/>\n<script type=\"application\/ld+json\" class=\"yoast-schema-graph\">{\"@context\":\"https:\/\/schema.org\",\"@graph\":[{\"@type\":\"WebSite\",\"@id\":\"http:\/\/www.goliteks.com\/#website\",\"url\":\"http:\/\/www.goliteks.com\/\",\"name\":\"Goliteks\",\"description\":\"Goliteks\",\"potentialAction\":[{\"@type\":\"SearchAction\",\"target\":{\"@type\":\"EntryPoint\",\"urlTemplate\":\"http:\/\/www.goliteks.com\/?s={search_term_string}\"},\"query-input\":\"required name=search_term_string\"}],\"inLanguage\":\"tr\"},{\"@type\":\"ImageObject\",\"@id\":\"https:\/\/www.goliteks.com\/index.php\/carbon-black-karbon-siyahi\/#primaryimage\",\"inLanguage\":\"tr\",\"url\":\"http:\/\/www.goli.yapimasamasi.site\/yeni\/wp-content\/uploads\/2022\/11\/1-4.jpg\",\"contentUrl\":\"http:\/\/www.goli.yapimasamasi.site\/yeni\/wp-content\/uploads\/2022\/11\/1-4.jpg\"},{\"@type\":\"WebPage\",\"@id\":\"https:\/\/www.goliteks.com\/index.php\/carbon-black-karbon-siyahi\/#webpage\",\"url\":\"https:\/\/www.goliteks.com\/index.php\/carbon-black-karbon-siyahi\/\",\"name\":\"Carbon Black ( Karbon Siyah\\u0131 ) - Goliteks\",\"isPartOf\":{\"@id\":\"http:\/\/www.goliteks.com\/#website\"},\"primaryImageOfPage\":{\"@id\":\"https:\/\/www.goliteks.com\/index.php\/carbon-black-karbon-siyahi\/#primaryimage\"},\"datePublished\":\"2022-11-29T19:16:13+00:00\",\"dateModified\":\"2022-12-06T11:42:55+00:00\",\"breadcrumb\":{\"@id\":\"https:\/\/www.goliteks.com\/index.php\/carbon-black-karbon-siyahi\/#breadcrumb\"},\"inLanguage\":\"tr\",\"potentialAction\":[{\"@type\":\"ReadAction\",\"target\":[\"https:\/\/www.goliteks.com\/index.php\/carbon-black-karbon-siyahi\/\"]}]},{\"@type\":\"BreadcrumbList\",\"@id\":\"https:\/\/www.goliteks.com\/index.php\/carbon-black-karbon-siyahi\/#breadcrumb\",\"itemListElement\":[{\"@type\":\"ListItem\",\"position\":1,\"name\":\"Anasayfa\",\"item\":\"http:\/\/www.goliteks.com\/\"},{\"@type\":\"ListItem\",\"position\":2,\"name\":\"Carbon Black ( Karbon Siyah\\u0131 )\"}]}]}<\/script>\n<!-- \/ Yoast SEO plugin. -->","yoast_head_json":{"title":"Carbon Black ( Karbon Siyah\u0131 ) - Goliteks","robots":{"index":"index","follow":"follow","max-snippet":"max-snippet:-1","max-image-preview":"max-image-preview:large","max-video-preview":"max-video-preview:-1"},"canonical":"https:\/\/www.goliteks.com\/index.php\/carbon-black-karbon-siyahi\/","og_locale":"tr_TR","og_type":"article","og_title":"Carbon Black ( Karbon Siyah\u0131 ) - Goliteks","og_description":"Carbon Black ( Karbon Siyah\u0131 ) Kau\u00e7uk hamurlarda mekanik \u00f6zellikleri geli\u015ftirmek,sertli\u011fi artt\u0131rmak ve siyah rengi vermek i\u00e7in kullan\u0131l\u0131r. Ayn\u0131 zamanda plastik gran\u00fcl ve PVC taban \u00fcretiminde malzemeye sa\u011flaml\u0131k ve siyah rengi vermesi i\u00e7inde kullan\u0131l\u0131r. Stoklar\u0131m\u0131zda N550 (FEF) ve N330 (HAF) olarak bulunmaktad\u0131r. 20 KG luk ambalajlarda ve 1 Tonluk ambalajlarda sat\u0131\u015fa sunulmaktad\u0131r. Sipari\u015f ver Di\u011fer [&hellip;]","og_url":"https:\/\/www.goliteks.com\/index.php\/carbon-black-karbon-siyahi\/","og_site_name":"Goliteks","article_modified_time":"2022-12-06T11:42:55+00:00","og_image":[{"url":"http:\/\/www.goli.yapimasamasi.site\/yeni\/wp-content\/uploads\/2022\/11\/1-4.jpg"}],"twitter_card":"summary_large_image","twitter_misc":{"Tahmini okuma s\u00fcresi":"2 dakika"},"schema":{"@context":"https:\/\/schema.org","@graph":[{"@type":"WebSite","@id":"http:\/\/www.goliteks.com\/#website","url":"http:\/\/www.goliteks.com\/","name":"Goliteks","description":"Goliteks","potentialAction":[{"@type":"SearchAction","target":{"@type":"EntryPoint","urlTemplate":"http:\/\/www.goliteks.com\/?s={search_term_string}"},"query-input":"required name=search_term_string"}],"inLanguage":"tr"},{"@type":"ImageObject","@id":"https:\/\/www.goliteks.com\/index.php\/carbon-black-karbon-siyahi\/#primaryimage","inLanguage":"tr","url":"http:\/\/www.goli.yapimasamasi.site\/yeni\/wp-content\/uploads\/2022\/11\/1-4.jpg","contentUrl":"http:\/\/www.goli.yapimasamasi.site\/yeni\/wp-content\/uploads\/2022\/11\/1-4.jpg"},{"@type":"WebPage","@id":"https:\/\/www.goliteks.com\/index.php\/carbon-black-karbon-siyahi\/#webpage","url":"https:\/\/www.goliteks.com\/index.php\/carbon-black-karbon-siyahi\/","name":"Carbon Black ( Karbon Siyah\u0131 ) - Goliteks","isPartOf":{"@id":"http:\/\/www.goliteks.com\/#website"},"primaryImageOfPage":{"@id":"https:\/\/www.goliteks.com\/index.php\/carbon-black-karbon-siyahi\/#primaryimage"},"datePublished":"2022-11-29T19:16:13+00:00","dateModified":"2022-12-06T11:42:55+00:00","breadcrumb":{"@id":"https:\/\/www.goliteks.com\/index.php\/carbon-black-karbon-siyahi\/#breadcrumb"},"inLanguage":"tr","potentialAction":[{"@type":"ReadAction","target":["https:\/\/www.goliteks.com\/index.php\/carbon-black-karbon-siyahi\/"]}]},{"@type":"BreadcrumbList","@id":"https:\/\/www.goliteks.com\/index.php\/carbon-black-karbon-siyahi\/#breadcrumb","itemListElement":[{"@type":"ListItem","position":1,"name":"Anasayfa","item":"http:\/\/www.goliteks.com\/"},{"@type":"ListItem","position":2,"name":"Carbon Black ( Karbon Siyah\u0131 )"}]}]}},"_links":{"self":[{"href":"https:\/\/www.goliteks.com\/index.php\/wp-json\/wp\/v2\/pages\/2320","targetHints":{"allow":["GET"]}}],"collection":[{"href":"https:\/\/www.goliteks.com\/index.php\/wp-json\/wp\/v2\/pages"}],"about":[{"href":"https:\/\/www.goliteks.com\/index.php\/wp-json\/wp\/v2\/types\/page"}],"author":[{"embeddable":true,"href":"https:\/\/www.goliteks.com\/index.php\/wp-json\/wp\/v2\/users\/1"}],"replies":[{"embeddable":true,"href":"https:\/\/www.goliteks.com\/index.php\/wp-json\/wp\/v2\/comments?post=2320"}],"version-history":[{"count":7,"href":"https:\/\/www.goliteks.com\/index.php\/wp-json\/wp\/v2\/pages\/2320\/revisions"}],"predecessor-version":[{"id":2767,"href":"https:\/\/www.goliteks.com\/index.php\/wp-json\/wp\/v2\/pages\/2320\/revisions\/2767"}],"wp:attachment":[{"href":"https:\/\/www.goliteks.com\/index.php\/wp-json\/wp\/v2\/media?parent=2320"}],"curies":[{"name":"wp","href":"https:\/\/api.w.org\/{rel}","templated":true}]}}