{"id":37,"date":"2021-07-31T09:39:42","date_gmt":"2021-07-31T06:39:42","guid":{"rendered":"http:\/\/www.pasha.yapimasamasi.site\/?page_id=37"},"modified":"2022-12-14T11:29:23","modified_gmt":"2022-12-14T08:29:23","slug":"contact","status":"publish","type":"page","link":"https:\/\/www.goliteks.com\/index.php\/contact\/","title":{"rendered":"Contact"},"content":{"rendered":"\t\t<div data-elementor-type=\"wp-page\" data-elementor-id=\"37\" class=\"elementor elementor-37\" data-elementor-settings=\"[]\">\n\t\t\t\t\t\t\t<div class=\"elementor-section-wrap\">\n\t\t\t\t\t\t\t<section class=\"elementor-section elementor-top-section elementor-element elementor-element-d95376b elementor-section-boxed elementor-section-height-default elementor-section-height-default\" data-id=\"d95376b\" data-element_type=\"section\">\n\t\t\t\t\t\t<div class=\"elementor-container elementor-column-gap-default\">\n\t\t\t\t\t<div class=\"elementor-column elementor-col-100 elementor-top-column elementor-element elementor-element-9eee460\" data-id=\"9eee460\" data-element_type=\"column\">\n\t\t\t<div class=\"elementor-widget-wrap elementor-element-populated\">\n\t\t\t\t\t\t\t\t<div class=\"elementor-element elementor-element-e66ef34 elementor-widget elementor-widget-spacer\" data-id=\"e66ef34\" data-element_type=\"widget\" data-widget_type=\"spacer.default\">\n\t\t\t\t<div class=\"elementor-widget-container\">\n\t\t\t\t\t<div class=\"elementor-spacer\">\n\t\t\t<div class=\"elementor-spacer-inner\"><\/div>\n\t\t<\/div>\n\t\t\t\t<\/div>\n\t\t\t\t<\/div>\n\t\t\t\t\t<\/div>\n\t\t<\/div>\n\t\t\t\t\t\t\t<\/div>\n\t\t<\/section>\n\t\t\t\t<section class=\"elementor-section elementor-top-section elementor-element elementor-element-5353af1 elementor-section-full_width elementor-section-stretched elementor-section-height-default elementor-section-height-default\" data-id=\"5353af1\" data-element_type=\"section\" data-settings=\"{&quot;stretch_section&quot;:&quot;section-stretched&quot;,&quot;background_background&quot;:&quot;classic&quot;,&quot;shape_divider_top&quot;:&quot;mountains&quot;}\">\n\t\t\t\t\t<div class=\"elementor-shape elementor-shape-top\" data-negative=\"false\">\n\t\t\t<svg xmlns=\"http:\/\/www.w3.org\/2000\/svg\" viewBox=\"0 0 1000 100\" preserveAspectRatio=\"none\">\n\t<path class=\"elementor-shape-fill\" opacity=\"0.33\" d=\"M473,67.3c-203.9,88.3-263.1-34-320.3,0C66,119.1,0,59.7,0,59.7V0h1000v59.7 c0,0-62.1,26.1-94.9,29.3c-32.8,3.3-62.8-12.3-75.8-22.1C806,49.6,745.3,8.7,694.9,4.7S492.4,59,473,67.3z\"\/>\n\t<path class=\"elementor-shape-fill\" opacity=\"0.66\" d=\"M734,67.3c-45.5,0-77.2-23.2-129.1-39.1c-28.6-8.7-150.3-10.1-254,39.1 s-91.7-34.4-149.2,0C115.7,118.3,0,39.8,0,39.8V0h1000v36.5c0,0-28.2-18.5-92.1-18.5C810.2,18.1,775.7,67.3,734,67.3z\"\/>\n\t<path class=\"elementor-shape-fill\" d=\"M766.1,28.9c-200-57.5-266,65.5-395.1,19.5C242,1.8,242,5.4,184.8,20.6C128,35.8,132.3,44.9,89.9,52.5C28.6,63.7,0,0,0,0 h1000c0,0-9.9,40.9-83.6,48.1S829.6,47,766.1,28.9z\"\/>\n<\/svg>\t\t<\/div>\n\t\t\t\t\t<div class=\"elementor-container elementor-column-gap-default\">\n\t\t\t\t\t<div class=\"elementor-column elementor-col-50 elementor-top-column elementor-element elementor-element-1a1d462\" data-id=\"1a1d462\" data-element_type=\"column\">\n\t\t\t<div class=\"elementor-widget-wrap elementor-element-populated\">\n\t\t\t\t\t\t\t\t<div class=\"elementor-element elementor-element-b58373f elementor-widget elementor-widget-text-editor\" data-id=\"b58373f\" data-element_type=\"widget\" data-widget_type=\"text-editor.default\">\n\t\t\t\t<div class=\"elementor-widget-container\">\n\t\t\t\t\t\t\t\t\/\/ Telefon:0 (212) 549 26 49<br>\nDepo:0 (212) 595 34 44<br>\n<h3 style=\"font-size: 45px; font-weight: bold;\">bize yaz\u0131n<\/h3><br>\ninfo@goliteks.com<br>\ngoliteks@goliteks.com\t\t\t\t\t\t<\/div>\n\t\t\t\t<\/div>\n\t\t\t\t<section class=\"elementor-section elementor-inner-section elementor-element elementor-element-2cf3ef0 elementor-section-boxed elementor-section-height-default elementor-section-height-default\" data-id=\"2cf3ef0\" data-element_type=\"section\">\n\t\t\t\t\t\t<div class=\"elementor-container elementor-column-gap-default\">\n\t\t\t\t\t<div class=\"elementor-column elementor-col-50 elementor-inner-column elementor-element elementor-element-62f5cdf\" data-id=\"62f5cdf\" data-element_type=\"column\">\n\t\t\t<div class=\"elementor-widget-wrap elementor-element-populated\">\n\t\t\t\t\t\t\t\t<div class=\"elementor-element elementor-element-68e2964 elementor-widget elementor-widget-image\" data-id=\"68e2964\" data-element_type=\"widget\" data-widget_type=\"image.default\">\n\t\t\t\t<div class=\"elementor-widget-container\">\n\t\t\t\t\t\t\t\t\t\t\t\t\t\t\t<img decoding=\"async\" src=\"http:\/\/www.goli.yapimasamasi.site\/wp-content\/uploads\/2022\/11\/img_b_pin-uai-258x412-1.png\" title=\"\" alt=\"\" \/>\t\t\t\t\t\t\t\t\t\t\t\t\t\t\t<\/div>\n\t\t\t\t<\/div>\n\t\t\t\t<div class=\"elementor-element elementor-element-bf3546d elementor-widget elementor-widget-image\" data-id=\"bf3546d\" data-element_type=\"widget\" data-widget_type=\"image.default\">\n\t\t\t\t<div class=\"elementor-widget-container\">\n\t\t\t\t\t\t\t\t\t\t\t\t\t\t\t<img loading=\"lazy\" decoding=\"async\" width=\"258\" height=\"412\" src=\"https:\/\/www.goliteks.com\/wp-content\/uploads\/2022\/12\/img_b_pin-uai-258x412-1.png\" class=\"attachment-large size-large\" alt=\"\" srcset=\"https:\/\/www.goliteks.com\/wp-content\/uploads\/2022\/12\/img_b_pin-uai-258x412-1.png 258w, https:\/\/www.goliteks.com\/wp-content\/uploads\/2022\/12\/img_b_pin-uai-258x412-1-188x300.png 188w\" sizes=\"auto, (max-width: 258px) 100vw, 258px\" \/>\t\t\t\t\t\t\t\t\t\t\t\t\t\t\t<\/div>\n\t\t\t\t<\/div>\n\t\t\t\t\t<\/div>\n\t\t<\/div>\n\t\t\t\t<div class=\"elementor-column elementor-col-50 elementor-inner-column elementor-element elementor-element-5fa0a8a\" data-id=\"5fa0a8a\" data-element_type=\"column\">\n\t\t\t<div class=\"elementor-widget-wrap elementor-element-populated\">\n\t\t\t\t\t\t\t\t<div class=\"elementor-element elementor-element-cd9d81f elementor-widget elementor-widget-text-editor\" data-id=\"cd9d81f\" data-element_type=\"widget\" data-widget_type=\"text-editor.default\">\n\t\t\t\t<div class=\"elementor-widget-container\">\n\t\t\t\t\t\t\t\t<div class=\"iletisim-box\"><strong>MERKEZ OF\u0130S:<\/strong><br \/><strong>Adres :<\/strong>\u00a0Maslak 1453 Ofis Bloklar\u0131 T\/4 B Blok No :227 Maslak \u2013 Sar\u0131yer \/ \u0130stanbul<br \/><strong>Telefon:<\/strong>\u00a00212 549 26 49<br \/><strong>E-Mail:<\/strong>\u00a0info@goliteks.com<\/div><div class=\"iletisim-box\"><strong>SHANGHA\u0130 OF\u0130S:<\/strong><br \/>Quyang Road 440\/816 Dong Du M\u0131ng Ren Bu\u0131ld\u0131ng 200083 Shanghai\/China<br \/><strong>Telefon:<\/strong>\u00a013004188202<br \/><strong>E-Mail:<\/strong>\u00a0info@goliteks.com<\/div>\t\t\t\t\t\t<\/div>\n\t\t\t\t<\/div>\n\t\t\t\t\t<\/div>\n\t\t<\/div>\n\t\t\t\t\t\t\t<\/div>\n\t\t<\/section>\n\t\t\t\t\t<\/div>\n\t\t<\/div>\n\t\t\t\t<div class=\"elementor-column elementor-col-50 elementor-top-column elementor-element elementor-element-86f6de2\" data-id=\"86f6de2\" data-element_type=\"column\">\n\t\t\t<div class=\"elementor-widget-wrap elementor-element-populated\">\n\t\t\t\t\t\t\t\t<div class=\"elementor-element elementor-element-f74b697 elementor-widget elementor-widget-text-editor\" data-id=\"f74b697\" data-element_type=\"widget\" data-widget_type=\"text-editor.default\">\n\t\t\t\t<div class=\"elementor-widget-container\">\n\t\t\t\t\t\t\t\t<p>Y\u0131llar\u0131n vermi\u015f oldu\u011fu sekt\u00f6r tecr\u00fcbesi ve d\u00fcr\u00fcstl\u00fck ilkesi ile her t\u00fcrl\u00fc sorunlar\u0131n\u0131z\u0131 \u00e7\u00f6z\u00fcyoruz. Bizimle \u00e7al\u0131\u015fmak i\u00e7in telefon numaralar\u0131m\u0131zdan veya ileti\u015fim formundan eri\u015fim sa\u011flayabilirsiniz.<\/p>\t\t\t\t\t\t<\/div>\n\t\t\t\t<\/div>\n\t\t\t\t<div class=\"elementor-element elementor-element-c693d38 elementor-widget elementor-widget-wpforms\" data-id=\"c693d38\" data-element_type=\"widget\" data-widget_type=\"wpforms.default\">\n\t\t\t\t<div class=\"elementor-widget-container\">\n\t\t\t<div class=\"wpforms-container wpforms-container-full\" id=\"wpforms-597\"><form id=\"wpforms-form-597\" class=\"wpforms-validate wpforms-form wpforms-ajax-form\" data-formid=\"597\" method=\"post\" enctype=\"multipart\/form-data\" action=\"\/index.php\/wp-json\/wp\/v2\/pages\/37\" data-token=\"1e3631abfbe93b5d33890d58a75d3d08\"><noscript class=\"wpforms-error-noscript\">Please enable JavaScript in your browser to complete this form.<\/noscript><div class=\"wpforms-field-container\"><div id=\"wpforms-597-field_0-container\" class=\"wpforms-field wpforms-field-name\" data-field-id=\"0\"><label class=\"wpforms-field-label wpforms-label-hide\" for=\"wpforms-597-field_0\">Name <span class=\"wpforms-required-label\">*<\/span><\/label><input type=\"text\" id=\"wpforms-597-field_0\" class=\"wpforms-field-large wpforms-field-required\" name=\"wpforms[fields][0]\" placeholder=\"Ad\u0131n\u0131z Soyad\u0131n\u0131z:\" required><\/div><div id=\"wpforms-597-field_1-container\" class=\"wpforms-field wpforms-field-email\" data-field-id=\"1\"><label class=\"wpforms-field-label wpforms-label-hide\" for=\"wpforms-597-field_1\">Email <span class=\"wpforms-required-label\">*<\/span><\/label><input type=\"email\" id=\"wpforms-597-field_1\" class=\"wpforms-field-large wpforms-field-required\" name=\"wpforms[fields][1]\" placeholder=\"E-MA\u0130L:\" required><\/div><div id=\"wpforms-597-field_4-container\" class=\"wpforms-field wpforms-field-name\" data-field-id=\"4\"><label class=\"wpforms-field-label wpforms-label-hide\" for=\"wpforms-597-field_4\">Name (copy) <span class=\"wpforms-required-label\">*<\/span><\/label><input type=\"text\" id=\"wpforms-597-field_4\" class=\"wpforms-field-large wpforms-field-required\" name=\"wpforms[fields][4]\" placeholder=\"Telefon Numaran\u0131z:\" required><\/div><div id=\"wpforms-597-field_2-container\" class=\"wpforms-field wpforms-field-textarea\" data-field-id=\"2\"><label class=\"wpforms-field-label wpforms-label-hide\" for=\"wpforms-597-field_2\">Comment or Message <span class=\"wpforms-required-label\">*<\/span><\/label><textarea id=\"wpforms-597-field_2\" class=\"wpforms-field-large wpforms-field-required\" name=\"wpforms[fields][2]\" placeholder=\"Mesaj\u0131n\u0131z:\" required><\/textarea><\/div><\/div><div class=\"wpforms-submit-container\" ><input type=\"hidden\" name=\"wpforms[id]\" value=\"597\"><input type=\"hidden\" name=\"wpforms[author]\" value=\"1\"><button type=\"submit\" name=\"wpforms[submit]\" class=\"wpforms-submit \" id=\"wpforms-submit-597\" value=\"wpforms-submit\" aria-live=\"assertive\" data-alt-text=\"Sending...\" data-submit-text=\"G\u00f6nder\">G\u00f6nder<\/button><img loading=\"lazy\" decoding=\"async\" src=\"https:\/\/www.goliteks.com\/wp-content\/plugins\/wpforms-lite\/assets\/images\/submit-spin.svg\" class=\"wpforms-submit-spinner\" style=\"display: none;\" width=\"26\" height=\"26\" alt=\"\"><\/div><\/form><\/div>  <!-- .wpforms-container -->\t\t<\/div>\n\t\t\t\t<\/div>\n\t\t\t\t\t<\/div>\n\t\t<\/div>\n\t\t\t\t\t\t\t<\/div>\n\t\t<\/section>\n\t\t\t\t<section class=\"elementor-section elementor-top-section elementor-element elementor-element-1e1432a elementor-section-stretched elementor-section-full_width elementor-section-height-default elementor-section-height-default\" data-id=\"1e1432a\" data-element_type=\"section\" data-settings=\"{&quot;stretch_section&quot;:&quot;section-stretched&quot;,&quot;background_background&quot;:&quot;classic&quot;}\">\n\t\t\t\t\t\t<div class=\"elementor-container elementor-column-gap-default\">\n\t\t\t\t\t<div class=\"elementor-column elementor-col-100 elementor-top-column elementor-element elementor-element-a7c5fc4\" data-id=\"a7c5fc4\" data-element_type=\"column\">\n\t\t\t<div class=\"elementor-widget-wrap elementor-element-populated\">\n\t\t\t\t\t\t\t\t<div class=\"elementor-element elementor-element-ac491e2 elementor-widget elementor-widget-text-editor\" data-id=\"ac491e2\" data-element_type=\"widget\" data-widget_type=\"text-editor.default\">\n\t\t\t\t<div class=\"elementor-widget-container\">\n\t\t\t\t\t\t\t\t<iframe src=\"https:\/\/www.google.com\/maps\/embed?pb=!1m18!1m12!1m3!1d24045.565274753386!2d29.020171409932907!3d41.11933732452198!2m3!1f0!2f0!3f0!3m2!1i1024!2i768!4f13.1!3m3!1m2!1s0x14cab5c6ddce61d1%3A0xc8a57dbf90500c12!2zQcSfYW_En2x1IE1hc2xhayAxNDUzIFNhdMSxxZ8gT2Zpc2k!5e0!3m2!1str!2str!4v1670865091573!5m2!1str!2str\" width=\"600\" height=\"450\" style=\"border:0;\" allowfullscreen=\"\" loading=\"lazy\" referrerpolicy=\"no-referrer-when-downgrade\"><\/iframe>\t\t\t\t\t\t<\/div>\n\t\t\t\t<\/div>\n\t\t\t\t\t<\/div>\n\t\t<\/div>\n\t\t\t\t\t\t\t<\/div>\n\t\t<\/section>\n\t\t\t\t<section class=\"elementor-section elementor-top-section elementor-element elementor-element-28383a4 elementor-section-boxed elementor-section-height-default elementor-section-height-default\" data-id=\"28383a4\" data-element_type=\"section\">\n\t\t\t\t\t\t<div class=\"elementor-container elementor-column-gap-default\">\n\t\t\t\t\t<div class=\"elementor-column elementor-col-100 elementor-top-column elementor-element elementor-element-2e66807\" data-id=\"2e66807\" data-element_type=\"column\">\n\t\t\t<div class=\"elementor-widget-wrap\">\n\t\t\t\t\t\t\t\t\t<\/div>\n\t\t<\/div>\n\t\t\t\t\t\t\t<\/div>\n\t\t<\/section>\n\t\t\t\t\t\t<\/div>\n\t\t\t\t\t<\/div>\n\t\t","protected":false},"excerpt":{"rendered":"<p>\/\/ Telefon:0 (212) 549 26 49 Depo:0 (212) 595 34 44 bize yaz\u0131n info@goliteks.com goliteks@goliteks.com MERKEZ OF\u0130S:Adres :\u00a0Maslak 1453 Ofis Bloklar\u0131 T\/4 B Blok No :227 Maslak \u2013 Sar\u0131yer \/ \u0130stanbulTelefon:\u00a00212 549 26 49E-Mail:\u00a0info@goliteks.comSHANGHA\u0130 OF\u0130S:Quyang Road 440\/816 Dong Du M\u0131ng Ren Bu\u0131ld\u0131ng 200083 Shanghai\/ChinaTelefon:\u00a013004188202E-Mail:\u00a0info@goliteks.com Y\u0131llar\u0131n vermi\u015f oldu\u011fu sekt\u00f6r tecr\u00fcbesi ve d\u00fcr\u00fcstl\u00fck ilkesi ile her t\u00fcrl\u00fc [&hellip;]<\/p>\n","protected":false},"author":1,"featured_media":0,"parent":0,"menu_order":0,"comment_status":"closed","ping_status":"closed","template":"","meta":{"footnotes":""},"class_list":["post-37","page","type-page","status-publish","hentry","entry"],"yoast_head":"<!-- This site is optimized with the Yoast SEO plugin v16.8 - https:\/\/yoast.com\/wordpress\/plugins\/seo\/ -->\n<title>Contact - Goliteks<\/title>\n<meta name=\"robots\" content=\"index, follow, max-snippet:-1, max-image-preview:large, max-video-preview:-1\" \/>\n<link rel=\"canonical\" href=\"https:\/\/www.goliteks.com\/index.php\/contact\/\" \/>\n<meta property=\"og:locale\" content=\"tr_TR\" \/>\n<meta property=\"og:type\" content=\"article\" \/>\n<meta property=\"og:title\" content=\"Contact - Goliteks\" \/>\n<meta property=\"og:description\" content=\"\/\/ Telefon:0 (212) 549 26 49 Depo:0 (212) 595 34 44 bize yaz\u0131n info@goliteks.com goliteks@goliteks.com MERKEZ OF\u0130S:Adres :\u00a0Maslak 1453 Ofis Bloklar\u0131 T\/4 B Blok No :227 Maslak \u2013 Sar\u0131yer \/ \u0130stanbulTelefon:\u00a00212 549 26 49E-Mail:\u00a0info@goliteks.comSHANGHA\u0130 OF\u0130S:Quyang Road 440\/816 Dong Du M\u0131ng Ren Bu\u0131ld\u0131ng 200083 Shanghai\/ChinaTelefon:\u00a013004188202E-Mail:\u00a0info@goliteks.com Y\u0131llar\u0131n vermi\u015f oldu\u011fu sekt\u00f6r tecr\u00fcbesi ve d\u00fcr\u00fcstl\u00fck ilkesi ile her t\u00fcrl\u00fc [&hellip;]\" \/>\n<meta property=\"og:url\" content=\"https:\/\/www.goliteks.com\/index.php\/contact\/\" \/>\n<meta property=\"og:site_name\" content=\"Goliteks\" \/>\n<meta property=\"article:modified_time\" content=\"2022-12-14T08:29:23+00:00\" \/>\n<meta property=\"og:image\" content=\"http:\/\/www.goli.yapimasamasi.site\/wp-content\/uploads\/2022\/11\/img_b_pin-uai-258x412-1.png\" \/>\n<meta name=\"twitter:card\" content=\"summary_large_image\" \/>\n<meta name=\"twitter:label1\" content=\"Tahmini okuma s\u00fcresi\" \/>\n\t<meta name=\"twitter:data1\" content=\"2 dakika\" \/>\n<script type=\"application\/ld+json\" class=\"yoast-schema-graph\">{\"@context\":\"https:\/\/schema.org\",\"@graph\":[{\"@type\":\"WebSite\",\"@id\":\"http:\/\/www.goliteks.com\/#website\",\"url\":\"http:\/\/www.goliteks.com\/\",\"name\":\"Goliteks\",\"description\":\"Goliteks\",\"potentialAction\":[{\"@type\":\"SearchAction\",\"target\":{\"@type\":\"EntryPoint\",\"urlTemplate\":\"http:\/\/www.goliteks.com\/?s={search_term_string}\"},\"query-input\":\"required name=search_term_string\"}],\"inLanguage\":\"tr\"},{\"@type\":\"ImageObject\",\"@id\":\"https:\/\/www.goliteks.com\/index.php\/contact\/#primaryimage\",\"inLanguage\":\"tr\",\"url\":\"http:\/\/www.goli.yapimasamasi.site\/wp-content\/uploads\/2022\/11\/img_b_pin-uai-258x412-1.png\",\"contentUrl\":\"http:\/\/www.goli.yapimasamasi.site\/wp-content\/uploads\/2022\/11\/img_b_pin-uai-258x412-1.png\"},{\"@type\":\"WebPage\",\"@id\":\"https:\/\/www.goliteks.com\/index.php\/contact\/#webpage\",\"url\":\"https:\/\/www.goliteks.com\/index.php\/contact\/\",\"name\":\"Contact - Goliteks\",\"isPartOf\":{\"@id\":\"http:\/\/www.goliteks.com\/#website\"},\"primaryImageOfPage\":{\"@id\":\"https:\/\/www.goliteks.com\/index.php\/contact\/#primaryimage\"},\"datePublished\":\"2021-07-31T06:39:42+00:00\",\"dateModified\":\"2022-12-14T08:29:23+00:00\",\"breadcrumb\":{\"@id\":\"https:\/\/www.goliteks.com\/index.php\/contact\/#breadcrumb\"},\"inLanguage\":\"tr\",\"potentialAction\":[{\"@type\":\"ReadAction\",\"target\":[\"https:\/\/www.goliteks.com\/index.php\/contact\/\"]}]},{\"@type\":\"BreadcrumbList\",\"@id\":\"https:\/\/www.goliteks.com\/index.php\/contact\/#breadcrumb\",\"itemListElement\":[{\"@type\":\"ListItem\",\"position\":1,\"name\":\"Anasayfa\",\"item\":\"http:\/\/www.goliteks.com\/\"},{\"@type\":\"ListItem\",\"position\":2,\"name\":\"Contact\"}]}]}<\/script>\n<!-- \/ Yoast SEO plugin. -->","yoast_head_json":{"title":"Contact - Goliteks","robots":{"index":"index","follow":"follow","max-snippet":"max-snippet:-1","max-image-preview":"max-image-preview:large","max-video-preview":"max-video-preview:-1"},"canonical":"https:\/\/www.goliteks.com\/index.php\/contact\/","og_locale":"tr_TR","og_type":"article","og_title":"Contact - Goliteks","og_description":"\/\/ Telefon:0 (212) 549 26 49 Depo:0 (212) 595 34 44 bize yaz\u0131n info@goliteks.com goliteks@goliteks.com MERKEZ OF\u0130S:Adres :\u00a0Maslak 1453 Ofis Bloklar\u0131 T\/4 B Blok No :227 Maslak \u2013 Sar\u0131yer \/ \u0130stanbulTelefon:\u00a00212 549 26 49E-Mail:\u00a0info@goliteks.comSHANGHA\u0130 OF\u0130S:Quyang Road 440\/816 Dong Du M\u0131ng Ren Bu\u0131ld\u0131ng 200083 Shanghai\/ChinaTelefon:\u00a013004188202E-Mail:\u00a0info@goliteks.com Y\u0131llar\u0131n vermi\u015f oldu\u011fu sekt\u00f6r tecr\u00fcbesi ve d\u00fcr\u00fcstl\u00fck ilkesi ile her t\u00fcrl\u00fc [&hellip;]","og_url":"https:\/\/www.goliteks.com\/index.php\/contact\/","og_site_name":"Goliteks","article_modified_time":"2022-12-14T08:29:23+00:00","og_image":[{"url":"http:\/\/www.goli.yapimasamasi.site\/wp-content\/uploads\/2022\/11\/img_b_pin-uai-258x412-1.png"}],"twitter_card":"summary_large_image","twitter_misc":{"Tahmini okuma s\u00fcresi":"2 dakika"},"schema":{"@context":"https:\/\/schema.org","@graph":[{"@type":"WebSite","@id":"http:\/\/www.goliteks.com\/#website","url":"http:\/\/www.goliteks.com\/","name":"Goliteks","description":"Goliteks","potentialAction":[{"@type":"SearchAction","target":{"@type":"EntryPoint","urlTemplate":"http:\/\/www.goliteks.com\/?s={search_term_string}"},"query-input":"required name=search_term_string"}],"inLanguage":"tr"},{"@type":"ImageObject","@id":"https:\/\/www.goliteks.com\/index.php\/contact\/#primaryimage","inLanguage":"tr","url":"http:\/\/www.goli.yapimasamasi.site\/wp-content\/uploads\/2022\/11\/img_b_pin-uai-258x412-1.png","contentUrl":"http:\/\/www.goli.yapimasamasi.site\/wp-content\/uploads\/2022\/11\/img_b_pin-uai-258x412-1.png"},{"@type":"WebPage","@id":"https:\/\/www.goliteks.com\/index.php\/contact\/#webpage","url":"https:\/\/www.goliteks.com\/index.php\/contact\/","name":"Contact - Goliteks","isPartOf":{"@id":"http:\/\/www.goliteks.com\/#website"},"primaryImageOfPage":{"@id":"https:\/\/www.goliteks.com\/index.php\/contact\/#primaryimage"},"datePublished":"2021-07-31T06:39:42+00:00","dateModified":"2022-12-14T08:29:23+00:00","breadcrumb":{"@id":"https:\/\/www.goliteks.com\/index.php\/contact\/#breadcrumb"},"inLanguage":"tr","potentialAction":[{"@type":"ReadAction","target":["https:\/\/www.goliteks.com\/index.php\/contact\/"]}]},{"@type":"BreadcrumbList","@id":"https:\/\/www.goliteks.com\/index.php\/contact\/#breadcrumb","itemListElement":[{"@type":"ListItem","position":1,"name":"Anasayfa","item":"http:\/\/www.goliteks.com\/"},{"@type":"ListItem","position":2,"name":"Contact"}]}]}},"_links":{"self":[{"href":"https:\/\/www.goliteks.com\/index.php\/wp-json\/wp\/v2\/pages\/37","targetHints":{"allow":["GET"]}}],"collection":[{"href":"https:\/\/www.goliteks.com\/index.php\/wp-json\/wp\/v2\/pages"}],"about":[{"href":"https:\/\/www.goliteks.com\/index.php\/wp-json\/wp\/v2\/types\/page"}],"author":[{"embeddable":true,"href":"https:\/\/www.goliteks.com\/index.php\/wp-json\/wp\/v2\/users\/1"}],"replies":[{"embeddable":true,"href":"https:\/\/www.goliteks.com\/index.php\/wp-json\/wp\/v2\/comments?post=37"}],"version-history":[{"count":89,"href":"https:\/\/www.goliteks.com\/index.php\/wp-json\/wp\/v2\/pages\/37\/revisions"}],"predecessor-version":[{"id":2885,"href":"https:\/\/www.goliteks.com\/index.php\/wp-json\/wp\/v2\/pages\/37\/revisions\/2885"}],"wp:attachment":[{"href":"https:\/\/www.goliteks.com\/index.php\/wp-json\/wp\/v2\/media?parent=37"}],"curies":[{"name":"wp","href":"https:\/\/api.w.org\/{rel}","templated":true}]}}